{"id":3027,"date":"2025-11-28T22:00:01","date_gmt":"2025-11-28T22:00:01","guid":{"rendered":"https:\/\/silvaten.no\/mano-kelias\/"},"modified":"2026-03-27T22:26:55","modified_gmt":"2026-03-27T22:26:55","slug":"mano-kelias","status":"publish","type":"page","link":"https:\/\/silvaten.no\/lt\/mano-kelias\/","title":{"rendered":"Mano kelias"},"content":{"rendered":"\t\t<div data-elementor-type=\"wp-page\" data-elementor-id=\"3027\" class=\"elementor elementor-3027 elementor-2663\">\n\t\t\t\t<div class=\"elementor-element elementor-element-4d1f3b68 e-con-full e-flex wpr-particle-no wpr-jarallax-no wpr-parallax-no wpr-sticky-section-no e-con e-parent\" data-id=\"4d1f3b68\" data-element_type=\"container\" data-e-type=\"container\">\n\t\t\t\t<div class=\"elementor-element elementor-element-1f0edb04 elementor-widget elementor-widget-text-editor\" data-id=\"1f0edb04\" data-element_type=\"widget\" data-e-type=\"widget\" data-widget_type=\"text-editor.default\">\n\t\t\t\t<div class=\"elementor-widget-container\">\n\t\t\t\t\t\t\t\t\t<h4><strong><em> <\/em><\/strong><br><strong><em>Mano kelias<\/em><\/strong><\/h4><p style=\"font-size: 17px;\">\u010cia dalinuosi savo gyvenimo ir darbo patirtimi, augimu, vidin\u0117mis \u012f\u017evalgomis ir atradimais. Ra\u0161au apie vidin\u0119 stipryb\u0119, motyvacij\u0105, sav\u0119s pa\u017einim\u0105 ir kasdienes patirtis, kurios formuoja mano keli\u0105.<\/p><p><strong> \u0160ioje skiltyje rasite:<\/strong><\/p><ul class=\"wp-block-list\"><li><a href=\"https:\/\/silvaten.no\/lt\/mazi-ese-apie-darbo-gyvenima-izvalgos-apie-norvegijos-darbo-kultura-nav-ir-integracija\/\">Mini ra\u0161inius apie darbo rink\u0105 \u2013 \u012f\u017evalgas apie norvegi\u0161k\u0105 darbo kult\u016br\u0105, NAV ir integracij\u0105;<\/a><\/li><li><a href=\"https:\/\/silvaten.no\/lt\/ikvepimas-tiems-kurie-jauciasi-pasiklyde-sistemoje-padrasinantys-pranesimai\/\">\u012ekv\u0117pim\u0105 pasiklydusiems sistemoje \u2013 padr\u0105sinan\u010dias \u017einutes tiems, kurie jau\u010diasi pasimet\u0119;<\/a><\/li><li style=\"font-size: 17px;\">\u017dod\u017eius i\u0161 tylos \u2013 apie sustojimus ir geb\u0117jim\u0105 i\u0161girsti save;<\/li><li style=\"font-size: 17px;\">Kelion\u0117s dalis \u2013 nuo Lietuvos iki gyvenimo Norvegijoje, prisitaikymo ir asmeninio augimo istorijos;<\/li><li style=\"font-size: 17px;\">Gyvenimo tekstus \u2013 mini es\u0117 apie kasdienyb\u0119, jausmus ir atradimus;<\/li><li style=\"font-size: 17px;\">Patirtis ir pamokas \u2013 refleksijas apie saviprie\u017ei\u016br\u0105, atsparum\u0105 ir vidin\u0119 ramyb\u0119;<\/li><li style=\"font-size: 17px;\">Kalbos barjer\u0105 \u2013 istorijas apie baimi\u0173 \u012fveikim\u0105 ir pasitik\u0117jimo stiprinim\u0105;<\/li><li style=\"font-size: 17px;\">Motyvacij\u0105 gyvenant u\u017esienyje \u2013 mintis apie tapatyb\u0119, savivert\u0119 ir gyvenim\u0105 naujoje kult\u016broje.<\/li><\/ul><p style=\"font-size: 17px;\"><strong>\u012era\u0161\u0173 pavyzd\u017eiai:<\/strong><\/p><ul class=\"wp-block-list\"><li style=\"font-size: 17px;\">Prad\u017eia \u2013 pirmieji \u017eingsniai Norvegijoje ir gyvenimo poky\u010diai.<\/li><li style=\"font-size: 17px;\">I\u0161\u0161\u016bkiai ir augimas \u2013 netektys, sveikatos i\u0161bandymai ir prisitaikymas.<\/li><li style=\"font-size: 17px;\">Vidin\u0117 stipryb\u0117 \u2013 geb\u0117jimas sul\u0117t\u0117ti, i\u0161girsti save ir priimti poky\u010dius.<\/li><li style=\"font-size: 17px;\">\u201eBulv\u0117s\u201c istorija \u2013 vadovo komplimentas, tap\u0119s lankstumo ir atsparumo simboliu.<\/li><li>Pabaiga \u2013 d\u0117kingumas, ramyb\u0117 ir santykis su gyvenimu.<\/li><\/ul><p><strong>Teminiai \u012fra\u0161ai:<\/strong><\/p><ul class=\"wp-block-list\"><li style=\"font-size: 17px;\"><a href=\"https:\/\/silvaten.no\/lt\/kaip-zinoti-kada-draugyste-baigesi\/\">Kaip \u017einoti, kada draugyst\u0117 baig\u0117si?<\/a><\/li><li><a href=\"https:\/\/silvaten.no\/lt\/energijos-laukas-ir-artumas-sau\/\">\u201eKartais reikia nukristi \u012f bedugn\u0119, kad i\u0161girstum save\u201c<\/a><\/li><li style=\"font-size: 17px;\">\u201eMano meditacija \u2013 vaik\u0161\u010diojimas su v\u0117ju ir gamta\u201c<\/li><li>\u201eKai i\u0161eina tie, kurie tave suk\u016br\u0117\u201c<\/li><li>\u201e\u017dinau, k\u0105 rei\u0161kia b\u016bti viena vienumoje\u201c<\/li><\/ul>\t\t\t\t\t\t\t\t<\/div>\n\t\t\t\t<\/div>\n\t\t\t\t<\/div>\n\t\t\t\t<\/div>\n\t\t","protected":false},"excerpt":{"rendered":"<p>Mano kelias \u010cia dalinuosi savo gyvenimo ir darbo patirtimi, augimu, vidin\u0117mis \u012f\u017evalgomis ir atradimais. Ra\u0161au apie vidin\u0119 stipryb\u0119, motyvacij\u0105, sav\u0119s pa\u017einim\u0105 ir kasdienes patirtis, kurios formuoja mano keli\u0105. \u0160ioje skiltyje rasite: Mini ra\u0161inius apie darbo rink\u0105 \u2013 \u012f\u017evalgas apie norvegi\u0161k\u0105 darbo kult\u016br\u0105, NAV ir integracij\u0105; \u012ekv\u0117pim\u0105 pasiklydusiems sistemoje \u2013 padr\u0105sinan\u010dias \u017einutes tiems, kurie jau\u010diasi pasimet\u0119;<\/p>\n","protected":false},"author":1,"featured_media":0,"parent":0,"menu_order":0,"comment_status":"closed","ping_status":"closed","template":"","meta":{"_uag_custom_page_level_css":"","site-sidebar-layout":"no-sidebar","site-content-layout":"page-builder","ast-site-content-layout":"full-width-container","site-content-style":"unboxed","site-sidebar-style":"unboxed","ast-global-header-display":"","ast-banner-title-visibility":"","ast-main-header-display":"","ast-hfb-above-header-display":"","ast-hfb-below-header-display":"","ast-hfb-mobile-header-display":"","site-post-title":"disabled","ast-breadcrumbs-content":"","ast-featured-img":"disabled","footer-sml-layout":"","ast-disable-related-posts":"","theme-transparent-header-meta":"","adv-header-id-meta":"","stick-header-meta":"","header-above-stick-meta":"","header-main-stick-meta":"","header-below-stick-meta":"","astra-migrate-meta-layouts":"set","ast-page-background-enabled":"default","ast-page-background-meta":{"desktop":{"background-color":"","background-image":"","background-repeat":"repeat","background-position":"center center","background-size":"auto","background-attachment":"scroll","background-type":"","background-media":"","overlay-type":"","overlay-color":"","overlay-opacity":"","overlay-gradient":""},"tablet":{"background-color":"","background-image":"","background-repeat":"repeat","background-position":"center center","background-size":"auto","background-attachment":"scroll","background-type":"","background-media":"","overlay-type":"","overlay-color":"","overlay-opacity":"","overlay-gradient":""},"mobile":{"background-color":"","background-image":"","background-repeat":"repeat","background-position":"center center","background-size":"auto","background-attachment":"scroll","background-type":"","background-media":"","overlay-type":"","overlay-color":"","overlay-opacity":"","overlay-gradient":""}},"ast-content-background-meta":{"desktop":{"background-color":"var(--ast-global-color-5)","background-image":"","background-repeat":"repeat","background-position":"center center","background-size":"auto","background-attachment":"scroll","background-type":"","background-media":"","overlay-type":"","overlay-color":"","overlay-opacity":"","overlay-gradient":""},"tablet":{"background-color":"var(--ast-global-color-5)","background-image":"","background-repeat":"repeat","background-position":"center center","background-size":"auto","background-attachment":"scroll","background-type":"","background-media":"","overlay-type":"","overlay-color":"","overlay-opacity":"","overlay-gradient":""},"mobile":{"background-color":"var(--ast-global-color-5)","background-image":"","background-repeat":"repeat","background-position":"center center","background-size":"auto","background-attachment":"scroll","background-type":"","background-media":"","overlay-type":"","overlay-color":"","overlay-opacity":"","overlay-gradient":""}},"_kadence_starter_templates_imported_post":false,"footnotes":""},"class_list":["post-3027","page","type-page","status-publish","hentry"],"aioseo_notices":[],"_hostinger_reach_plugin_has_subscription_block":false,"_hostinger_reach_plugin_is_elementor":false,"uagb_featured_image_src":{"full":false,"thumbnail":false,"medium":false,"medium_large":false,"large":false,"1536x1536":false,"2048x2048":false},"uagb_author_info":{"display_name":"silvaten@gmail.com","author_link":"https:\/\/silvaten.no\/lt\/author\/silvatengmail-com\/"},"uagb_comment_info":0,"uagb_excerpt":"Mano kelias \u010cia dalinuosi savo gyvenimo ir darbo patirtimi, augimu, vidin\u0117mis \u012f\u017evalgomis ir atradimais. Ra\u0161au apie vidin\u0119 stipryb\u0119, motyvacij\u0105, sav\u0119s pa\u017einim\u0105 ir kasdienes patirtis, kurios formuoja mano keli\u0105. \u0160ioje skiltyje rasite: Mini ra\u0161inius apie darbo rink\u0105 \u2013 \u012f\u017evalgas apie norvegi\u0161k\u0105 darbo kult\u016br\u0105, NAV ir integracij\u0105; \u012ekv\u0117pim\u0105 pasiklydusiems sistemoje \u2013 padr\u0105sinan\u010dias \u017einutes tiems, kurie jau\u010diasi pasimet\u0119;","_links":{"self":[{"href":"https:\/\/silvaten.no\/lt\/wp-json\/wp\/v2\/pages\/3027","targetHints":{"allow":["GET"]}}],"collection":[{"href":"https:\/\/silvaten.no\/lt\/wp-json\/wp\/v2\/pages"}],"about":[{"href":"https:\/\/silvaten.no\/lt\/wp-json\/wp\/v2\/types\/page"}],"author":[{"embeddable":true,"href":"https:\/\/silvaten.no\/lt\/wp-json\/wp\/v2\/users\/1"}],"replies":[{"embeddable":true,"href":"https:\/\/silvaten.no\/lt\/wp-json\/wp\/v2\/comments?post=3027"}],"version-history":[{"count":10,"href":"https:\/\/silvaten.no\/lt\/wp-json\/wp\/v2\/pages\/3027\/revisions"}],"predecessor-version":[{"id":4032,"href":"https:\/\/silvaten.no\/lt\/wp-json\/wp\/v2\/pages\/3027\/revisions\/4032"}],"wp:attachment":[{"href":"https:\/\/silvaten.no\/lt\/wp-json\/wp\/v2\/media?parent=3027"}],"curies":[{"name":"wp","href":"https:\/\/api.w.org\/{rel}","templated":true}]}}