{"id":3040,"date":"2025-11-28T20:47:36","date_gmt":"2025-11-28T20:47:36","guid":{"rendered":"https:\/\/silvaten.no\/mano-patirtis-ir-profesiniai-tikslai\/"},"modified":"2025-12-20T00:14:15","modified_gmt":"2025-12-20T00:14:15","slug":"mano-patirtis-ir-profesiniai-tikslai","status":"publish","type":"page","link":"https:\/\/silvaten.no\/lt\/mano-patirtis-ir-profesiniai-tikslai\/","title":{"rendered":"Profesin\u0117 patirtis ir tikslai"},"content":{"rendered":"\n<div class=\"wp-block-uagb-container uagb-block-64be849f alignfull uagb-is-root-container\"><div class=\"uagb-container-inner-blocks-wrap\">\n<div class=\"wp-block-uagb-advanced-heading uagb-block-48b27da5\"><h3 class=\"uagb-heading-text\"><em>Profesin\u0117 patirtis ir tikslai<\/em><\/h3><\/div>\n\n\n\n<p><\/p>\n\n\n\n<p style=\"font-size:17px\">Turiu daugiau nei 15 met\u0173 patirt\u012f Norvegijos darbo rinkoje, daugiausia NAV sistemoje ir pardavimuose, kur dirbau su administravimu, konsultavimu, byl\u0173 nagrin\u0117jimu ir darbu su \u017emon\u0117mis. Per \u012fvairius darbus ir integracijos \u012f Norvegijos kult\u016br\u0105 proces\u0105 \u012fgijau ne tik profesin\u0117s patirties, bet ir gilesn\u012f supratim\u0105 apie tai, k\u0105 rei\u0161kia susidurti su i\u0161\u0161\u016bkiais, susijusiais su kilme ar skirtumais. \u0160i patirtis mane sustiprino ir suteik\u0117 unikal\u0173 po\u017ei\u016br\u012f \u012f kit\u0173 \u017emoni\u0173 gyvenimo keli\u0105.<\/p>\n\n\n\n<p style=\"font-size:17px\">Turiu Vilniaus universiteto teis\u0117s magistro laipsn\u012f, pripa\u017eint\u0105 NOKUT, taip pat sertifikatus ir kursus \u017dmogi\u0161k\u0173j\u0173 i\u0161tekli\u0173, komandos valdymo ir asmeninio vadovavimo srityse. Be to, baigiau <em>U\u017eimtumo r\u0117mimo ir i\u0161laikymo per Supported Employment<\/em> kursus OsloMet, kurie suteik\u0117 man atnaujint\u0173 kompetencij\u0173 konsultavimo, santyki\u0173 k\u016brimo, i\u0161tekli\u0173 vertinimo ir tarpdisciplininio bendradarbiavimo srityse.<\/p>\n\n\n\n<p><strong>Stipryb\u0117s<\/strong><\/p>\n\n\n\n<ul class=\"wp-block-list\">\n<li style=\"font-size:17px\">Administravimas ir teisiniai procesai<\/li>\n\n\n\n<li style=\"font-size:17px\">Darbas su klientais ir j\u0173 augimo skatinimas<\/li>\n\n\n\n<li style=\"font-size:17px\">Komandinis darbas ir projekt\u0173 valdymas<\/li>\n\n\n\n<li style=\"font-size:17px\">Nuolatinis tobul\u0117jimas ir geb\u0117jimas prisitaikyti prie poky\u010di\u0173 bei skirting\u0173 kult\u016br\u0173<\/li>\n<\/ul>\n\n\n\n<p style=\"font-size:17px\"><br\/><strong>Apibendrinimas<\/strong><br\/><br\/>Mane motyvuoja darbas su \u017emon\u0117mis, prisid\u0117jimas prie j\u0173 augimo ir teigiam\u0173 poky\u010di\u0173. Kiekvienas i\u0161\u0161\u016bkis mano gyvenime tapo galimybe augti \u2013 tiek profesiniu, tiek asmeniniu po\u017ei\u016briu.<\/p>\n\n\n\n<p style=\"font-size:17px\"><strong>Tikslai<\/strong><\/p>\n\n\n\n<ul style=\"font-size:17px\" class=\"wp-block-list\">\n<li>Konsultavimas \/ patarimai<\/li>\n\n\n\n<li>Noriu pad\u0117ti \u017emon\u0117ms ai\u0161kiai pamatyti savo ateities krypt\u012f \u2013 tiek profesin\u0119, tiek asmenin\u0119.<\/li>\n<\/ul>\n\n\n\n<p><br\/><strong>Galimos temos:<\/strong><\/p>\n\n\n\n<ul class=\"wp-block-list\">\n<li>Karjera ir savivert\u0117<\/li>\n\n\n\n<li>Emigracija ir gyvenimas u\u017esienyje<\/li>\n\n\n\n<li>Sveikata ir vidin\u0117 stipryb\u0117<\/li>\n<\/ul>\n\n\n\n<p><br\/><strong>Patirties sritys:<\/strong><\/p>\n\n\n\n<ul class=\"wp-block-list\">\n<li style=\"font-size:17px\"> Teisinis darbas<\/li>\n\n\n\n<li style=\"font-size:17px\">Konsultavimas \/ patarimai<\/li>\n\n\n\n<li style=\"font-size:17px\">Administravimas ir byl\u0173 nagrin\u0117jimas<\/li>\n<\/ul>\n\n\n\n<p style=\"font-size:17px\"><\/p>\n\n\n\n<p style=\"font-size:17px\"><strong>Mano tikslas:<\/strong><\/p>\n\n\n\n<ul class=\"wp-block-list\">\n<li> Dirbti su \u017emon\u0117mis, pad\u0117ti jiems augti, \u012fveikti i\u0161\u0161\u016bkius ir atrasti savo krypt\u012f.<\/li>\n\n\n\n<li>Darbas su \u017emon\u0117mis ir socialinis darbas<\/li>\n<\/ul>\n<\/div><\/div>\n\n<p><\/p>\n","protected":false},"excerpt":{"rendered":"<p>Profesin\u0117 patirtis ir tikslai Turiu daugiau nei 15 met\u0173 patirt\u012f Norvegijos darbo rinkoje, daugiausia NAV sistemoje ir pardavimuose, kur dirbau su administravimu, konsultavimu, byl\u0173 nagrin\u0117jimu ir darbu su \u017emon\u0117mis. Per \u012fvairius darbus ir integracijos \u012f Norvegijos kult\u016br\u0105 proces\u0105 \u012fgijau ne tik profesin\u0117s patirties, bet ir gilesn\u012f supratim\u0105 apie tai, k\u0105 rei\u0161kia susidurti su i\u0161\u0161\u016bkiais, susijusiais<\/p>\n","protected":false},"author":1,"featured_media":0,"parent":0,"menu_order":0,"comment_status":"closed","ping_status":"closed","template":"","meta":{"_uag_custom_page_level_css":"","site-sidebar-layout":"no-sidebar","site-content-layout":"plain-container","ast-site-content-layout":"normal-width-container","site-content-style":"unboxed","site-sidebar-style":"unboxed","ast-global-header-display":"","ast-banner-title-visibility":"","ast-main-header-display":"","ast-hfb-above-header-display":"","ast-hfb-below-header-display":"","ast-hfb-mobile-header-display":"","site-post-title":"disabled","ast-breadcrumbs-content":"","ast-featured-img":"disabled","footer-sml-layout":"","ast-disable-related-posts":"","theme-transparent-header-meta":"default","adv-header-id-meta":"","stick-header-meta":"","header-above-stick-meta":"","header-main-stick-meta":"","header-below-stick-meta":"","astra-migrate-meta-layouts":"set","ast-page-background-enabled":"default","ast-page-background-meta":{"desktop":{"background-color":"","background-image":"","background-repeat":"repeat","background-position":"center center","background-size":"auto","background-attachment":"scroll","background-type":"","background-media":"","overlay-type":"","overlay-color":"","overlay-opacity":"","overlay-gradient":""},"tablet":{"background-color":"","background-image":"","background-repeat":"repeat","background-position":"center center","background-size":"auto","background-attachment":"scroll","background-type":"","background-media":"","overlay-type":"","overlay-color":"","overlay-opacity":"","overlay-gradient":""},"mobile":{"background-color":"","background-image":"","background-repeat":"repeat","background-position":"center center","background-size":"auto","background-attachment":"scroll","background-type":"","background-media":"","overlay-type":"","overlay-color":"","overlay-opacity":"","overlay-gradient":""}},"ast-content-background-meta":{"desktop":{"background-color":"var(--ast-global-color-5)","background-image":"","background-repeat":"repeat","background-position":"center center","background-size":"auto","background-attachment":"scroll","background-type":"","background-media":"","overlay-type":"","overlay-color":"","overlay-opacity":"","overlay-gradient":""},"tablet":{"background-color":"var(--ast-global-color-5)","background-image":"","background-repeat":"repeat","background-position":"center center","background-size":"auto","background-attachment":"scroll","background-type":"","background-media":"","overlay-type":"","overlay-color":"","overlay-opacity":"","overlay-gradient":""},"mobile":{"background-color":"var(--ast-global-color-5)","background-image":"","background-repeat":"repeat","background-position":"center center","background-size":"auto","background-attachment":"scroll","background-type":"","background-media":"","overlay-type":"","overlay-color":"","overlay-opacity":"","overlay-gradient":""}},"_kadence_starter_templates_imported_post":false,"footnotes":""},"class_list":["post-3040","page","type-page","status-publish","hentry"],"aioseo_notices":[],"_hostinger_reach_plugin_has_subscription_block":false,"_hostinger_reach_plugin_is_elementor":false,"uagb_featured_image_src":{"full":false,"thumbnail":false,"medium":false,"medium_large":false,"large":false,"1536x1536":false,"2048x2048":false},"uagb_author_info":{"display_name":"silvaten@gmail.com","author_link":"https:\/\/silvaten.no\/lt\/author\/silvatengmail-com\/"},"uagb_comment_info":0,"uagb_excerpt":"Profesin\u0117 patirtis ir tikslai Turiu daugiau nei 15 met\u0173 patirt\u012f Norvegijos darbo rinkoje, daugiausia NAV sistemoje ir pardavimuose, kur dirbau su administravimu, konsultavimu, byl\u0173 nagrin\u0117jimu ir darbu su \u017emon\u0117mis. Per \u012fvairius darbus ir integracijos \u012f Norvegijos kult\u016br\u0105 proces\u0105 \u012fgijau ne tik profesin\u0117s patirties, bet ir gilesn\u012f supratim\u0105 apie tai, k\u0105 rei\u0161kia susidurti su i\u0161\u0161\u016bkiais, susijusiais","_links":{"self":[{"href":"https:\/\/silvaten.no\/lt\/wp-json\/wp\/v2\/pages\/3040","targetHints":{"allow":["GET"]}}],"collection":[{"href":"https:\/\/silvaten.no\/lt\/wp-json\/wp\/v2\/pages"}],"about":[{"href":"https:\/\/silvaten.no\/lt\/wp-json\/wp\/v2\/types\/page"}],"author":[{"embeddable":true,"href":"https:\/\/silvaten.no\/lt\/wp-json\/wp\/v2\/users\/1"}],"replies":[{"embeddable":true,"href":"https:\/\/silvaten.no\/lt\/wp-json\/wp\/v2\/comments?post=3040"}],"version-history":[{"count":9,"href":"https:\/\/silvaten.no\/lt\/wp-json\/wp\/v2\/pages\/3040\/revisions"}],"predecessor-version":[{"id":3302,"href":"https:\/\/silvaten.no\/lt\/wp-json\/wp\/v2\/pages\/3040\/revisions\/3302"}],"wp:attachment":[{"href":"https:\/\/silvaten.no\/lt\/wp-json\/wp\/v2\/media?parent=3040"}],"curies":[{"name":"wp","href":"https:\/\/api.w.org\/{rel}","templated":true}]}}