{"id":3044,"date":"2025-11-28T20:47:36","date_gmt":"2025-11-28T20:47:36","guid":{"rendered":"https:\/\/silvaten.no\/apie-mane\/"},"modified":"2026-03-27T21:34:10","modified_gmt":"2026-03-27T21:34:10","slug":"apie-mane","status":"publish","type":"page","link":"https:\/\/silvaten.no\/lt\/apie-mane\/","title":{"rendered":"Apie mane"},"content":{"rendered":"\t\t<div data-elementor-type=\"wp-page\" data-elementor-id=\"3044\" class=\"elementor elementor-3044 elementor-1368\">\n\t\t\t\t<div class=\"elementor-element elementor-element-320df296 e-flex e-con-boxed wpr-particle-no wpr-jarallax-no wpr-parallax-no wpr-sticky-section-no e-con e-parent\" data-id=\"320df296\" data-element_type=\"container\" data-e-type=\"container\">\n\t\t\t\t\t<div class=\"e-con-inner\">\n\t\t\t\t<div class=\"elementor-element elementor-element-2b66b878 elementor-widget elementor-widget-text-editor\" data-id=\"2b66b878\" data-element_type=\"widget\" data-e-type=\"widget\" data-widget_type=\"text-editor.default\">\n\t\t\t\t<div class=\"elementor-widget-container\">\n\t\t\t\t\t\t\t\t\t<div class=\"wp-block-uagb-container uagb-block-318b6e29 alignwide uagb-is-root-container\"><div class=\"wp-block-uagb-advanced-heading uagb-block-07c6c711\"><h3 class=\"uagb-heading-text\"><em>Apie mane<\/em><\/h3><\/div><div class=\"wp-block-uagb-container uagb-block-4fce65b9\"><div class=\"wp-block-uagb-container uagb-block-af381a64\"><div class=\"wp-block-uagb-image aligncenter uagb-block-0b0457a7 wp-block-uagb-image--layout-default wp-block-uagb-image--effect-static wp-block-uagb-image--align-center\"><figure class=\"wp-block-uagb-image__figure\"><img fetchpriority=\"high\" decoding=\"async\" class=\"uag-image-2277 alignleft\" title=\"dsc 9353\" role=\"img\" src=\"https:\/\/silvaten.no\/wp-content\/uploads\/2025\/11\/DSC_9353-200x300.jpg\" sizes=\"(max-width: 480px) 150px\" srcset=\"https:\/\/silvaten.no\/wp-content\/uploads\/2025\/11\/DSC_9353-200x300.jpg ,https:\/\/silvaten.no\/wp-content\/uploads\/2025\/11\/DSC_9353-scaled.jpg 780w, https:\/\/silvaten.no\/wp-content\/uploads\/2025\/11\/DSC_9353-scaled.jpg 360w\" alt=\"dsc 9353\" width=\"203\" height=\"300\"><\/figure><\/div><\/div><div class=\"wp-block-uagb-container uagb-block-c08dd488\"><div class=\"wp-block-uagb-advanced-heading uagb-block-d1d24ceb\"><p class=\"uagb-heading-text\"><span style=\"font-style: inherit; font-weight: inherit; text-decoration-line: initial;\">Labas, a\u0161 esu Silva. Tikiu, kad tikra stipryb\u0117 gimsta per gyvenimo patirtis, o kiekvienas \u012fvykis m\u016bs\u0173 kelyje atsiranda neatsitiktinai \u010cia dalinuosi mintimis, kurios padeda augti, suprasti ir atrasti save.<\/span><\/p><\/div><p><strong>Kod\u0117l \u201eSilvaten\u201c?<br><\/strong><br>\u0160iame pavadinime susipina dvi istorijos. \u017dodis <em>Silva<\/em> lotyn\u0173 kalba rei\u0161kia \u201emi\u0161kas\u201c, o trys paskutin\u0117s raid\u0117s simbolizuoja mano mergautin\u0117s pavard\u0117s prad\u017ei\u0105. Tod\u0117l \u201eSilva ten\u201c gali b\u016bti interpretuojama kaip \u201emi\u0161kas ten\u201c \u2013 vieta, kur viskas prasideda ir sugr\u012f\u017eta \u012f save, kur auga mintys, \u012f\u017evalgos ir vidin\u0117 stipryb\u0117.<br>Mi\u0161kas mano gyvenime turi ypating\u0105 reik\u0161m\u0119 \u2013 tai ramyb\u0117s, atsinaujinimo ir tylos vieta, primenanti, kad augimas vyksta net tada, kai niekas to nemato.<br>Mano meditacija \u2013 pasivaik\u0161\u010diojimai. Su v\u0117ju.  Su gamta. Su savimi. Tada mintys i\u0161sigrynina, o \u0161irdis randa \u017eod\u017eius, kurie virsta tekstais. <br><br>\u201eSilvaten\u201c \u2013 tavo erdv\u0117 augti, stipr\u0117ti ir rasti savo keli\u0105.<br>\u010cia dalinuosi i\u0161moktomis pamokomis, praktine patirtimi ir patarimais, kurie pad\u0117s tau jaustis saugiai darbe, gyvenime ir i\u0161gyvenant svarbius poky\u010dius. \u010cia rasite praktini\u0173 \u012f\u017evalg\u0173 apie pokalbius d\u0117l darbo, CV ra\u0161ym\u0105, matomum\u0105 darbo platformose, savivert\u0117s stiprinim\u0105 ir kitus \u0161iuolaikinius i\u0161\u0161\u016bkius, apie kuriuos ne visi dr\u012fsta kalb\u0117ti.<br>Mano tikslas \u2013 pad\u0117ti \u017emon\u0117ms sustipr\u0117ti, atrasti save ir pasitik\u0117ti savo j\u0117gomis visais gyvenimo etapais.<br>Did\u017eiausia ir \u0161il\u010diausia pad\u0117ka mano vyrui Dovydas.<\/p><p><strong>A\u010di\u016b<\/strong><br>A\u010di\u016b, kad tiki manimi, palaikai mane kiekviename \u017eingsnyje, supranti mano kelion\u0119 ir tiesiog esi \u0161alia. Tavo buvimas suteikia j\u0117g\u0173, \u012fkvepia augti ir dr\u0105sos siekti tiksl\u0173.<\/p><p><strong>Mano kelion\u0117<\/strong><br>Mano kelion\u0117 driekiasi tarp Lietuvos ir Norvegijos, tarp i\u0161\u0161\u016bki\u0173 ir atradim\u0173, tarp tylos ir gydan\u010di\u0173 \u017eod\u017ei\u0173.<br>Prie\u0161 daug met\u0173 palikau Lietuv\u0105 ne tik tam, kad ras\u010diau nauj\u0105 gyvenam\u0105j\u0105 viet\u0105, bet ir tam, kad geriau pa\u017ein\u010diau save.<br>Gyvenimas Norvegijoje mane i\u0161mok\u0117 paprastumo, kantryb\u0117s, pasitik\u0117jimo procesais ir pagarbos \u017emon\u0117ms \u2013 tokiems, kokie jie yra. Dirbdama su \u017emon\u0117mis supratau, kad kiekviena istorija turi savo prasm\u0119, o kiekvienas susitikimas \u2013 savo misij\u0105.<br>Turiu teisin\u012f i\u0161silavinim\u0105 ir ilgamet\u0119 patirt\u012f konsultavimo, administravimo bei socialinio darbo srityse.<br>Ta\u010diau svarbiausia, k\u0105 man suteik\u0117 \u0161i patirtis, tai geb\u0117jimas matyti \u017emog\u0173 giliau, u\u017e klausim\u0173 ir atsakym\u0173.<br>Esu neabejinga tokioms temoms kaip \u017emogaus vert\u0117, stipryb\u0117 po krizi\u0173, savivert\u0117, santykiai, prasmingas darbas ir vidin\u0117 ramyb\u0117.<br>Gyvenimas ne kart\u0105 man primin\u0117, kad niekas nevyksta be prie\u017easties.<br>I\u0161mokau, kad net tyla kalba, jei tik mokame klausytis. <\/p><p><strong>\u201eBulv\u0117s\u201c istorija<\/strong><br>Vienas i\u0161 mano vadov\u0173 Norvegijoje kart\u0105 pasak\u0117:<br>\u201eTu esi kaip bulv\u0117 \u2013 lanksti, prisitaikanti ir visur naudinga.\u201c<br>I\u0161 prad\u017ei\u0173 \u0161is palyginimas man pasirod\u0117 keistas, bet v\u0117liau supratau, kad tai buvo nuo\u0161ird\u017eiausias komplimentas.<br>Nuo tada bulv\u0117 man simbolizuoja paprastum\u0105, stipryb\u0119 ir geb\u0117jim\u0105 i\u0161likti savimi bet kokiomis aplinkyb\u0117mis.<br>Gyvenime i\u0161mokau, kad stipryb\u0117 ne visada rei\u0161kia kov\u0105. <strong>Kartais stipryb\u0117 &#8211; tai sustoti, pails\u0117ti, pasakyti \u201ene\u201c arba leisti sau b\u016bti silpnai.<\/strong><br>Mano pasaulis<br>\u0160iame puslapyje dalinuosi savo istorijomis, mintimis ir jausmais &#8211; tikrais, gyvais, kartais skaud\u017eiais, bet visada kupinais \u0161viesos.<br>Tikiu, kad net ma\u017eiausias \u017eodis gali paliesti, o tyla &#8211; pagydyti.<br>Jei tavo \u0161ird\u012f palies mano \u017eod\u017eiai &#8211; vadinasi, mes jau susitikome ten, kur prasideda tikras ry\u0161ys.<\/p><p><strong>Silvaten<\/strong><br>\u201eTikiu, kad kiekvienas \u017emogus turi unikali\u0105 vert\u0119.<br>Kartais mums tereikia \u0161velnaus pokalbio, kad j\u0105 pamatytume.\u201c<\/p><\/div><\/div><\/div>\t\t\t\t\t\t\t\t<\/div>\n\t\t\t\t<\/div>\n\t\t\t\t\t<\/div>\n\t\t\t\t<\/div>\n\t\t\t\t<\/div>\n\t\t","protected":false},"excerpt":{"rendered":"<p>Apie mane Labas, a\u0161 esu Silva. Tikiu, kad tikra stipryb\u0117 gimsta per gyvenimo patirtis, o kiekvienas \u012fvykis m\u016bs\u0173 kelyje atsiranda neatsitiktinai \u010cia dalinuosi mintimis, kurios padeda augti, suprasti ir atrasti save. Kod\u0117l \u201eSilvaten\u201c?\u0160iame pavadinime susipina dvi istorijos. \u017dodis Silva lotyn\u0173 kalba rei\u0161kia \u201emi\u0161kas\u201c, o trys paskutin\u0117s raid\u0117s simbolizuoja mano mergautin\u0117s pavard\u0117s prad\u017ei\u0105. Tod\u0117l \u201eSilva ten\u201c<\/p>\n","protected":false},"author":1,"featured_media":0,"parent":0,"menu_order":0,"comment_status":"closed","ping_status":"closed","template":"","meta":{"_uag_custom_page_level_css":"","site-sidebar-layout":"no-sidebar","site-content-layout":"plain-container","ast-site-content-layout":"normal-width-container","site-content-style":"unboxed","site-sidebar-style":"unboxed","ast-global-header-display":"","ast-banner-title-visibility":"","ast-main-header-display":"","ast-hfb-above-header-display":"","ast-hfb-below-header-display":"","ast-hfb-mobile-header-display":"","site-post-title":"disabled","ast-breadcrumbs-content":"","ast-featured-img":"disabled","footer-sml-layout":"","ast-disable-related-posts":"","theme-transparent-header-meta":"default","adv-header-id-meta":"","stick-header-meta":"","header-above-stick-meta":"","header-main-stick-meta":"","header-below-stick-meta":"","astra-migrate-meta-layouts":"set","ast-page-background-enabled":"default","ast-page-background-meta":{"desktop":{"background-color":"","background-image":"","background-repeat":"repeat","background-position":"center center","background-size":"auto","background-attachment":"scroll","background-type":"","background-media":"","overlay-type":"","overlay-color":"","overlay-opacity":"","overlay-gradient":""},"tablet":{"background-color":"","background-image":"","background-repeat":"repeat","background-position":"center center","background-size":"auto","background-attachment":"scroll","background-type":"","background-media":"","overlay-type":"","overlay-color":"","overlay-opacity":"","overlay-gradient":""},"mobile":{"background-color":"","background-image":"","background-repeat":"repeat","background-position":"center center","background-size":"auto","background-attachment":"scroll","background-type":"","background-media":"","overlay-type":"","overlay-color":"","overlay-opacity":"","overlay-gradient":""}},"ast-content-background-meta":{"desktop":{"background-color":"var(--ast-global-color-5)","background-image":"","background-repeat":"repeat","background-position":"center center","background-size":"auto","background-attachment":"scroll","background-type":"","background-media":"","overlay-type":"","overlay-color":"","overlay-opacity":"","overlay-gradient":""},"tablet":{"background-color":"var(--ast-global-color-5)","background-image":"","background-repeat":"repeat","background-position":"center center","background-size":"auto","background-attachment":"scroll","background-type":"","background-media":"","overlay-type":"","overlay-color":"","overlay-opacity":"","overlay-gradient":""},"mobile":{"background-color":"var(--ast-global-color-5)","background-image":"","background-repeat":"repeat","background-position":"center center","background-size":"auto","background-attachment":"scroll","background-type":"","background-media":"","overlay-type":"","overlay-color":"","overlay-opacity":"","overlay-gradient":""}},"_kadence_starter_templates_imported_post":false,"footnotes":""},"class_list":["post-3044","page","type-page","status-publish","hentry"],"aioseo_notices":[],"_hostinger_reach_plugin_has_subscription_block":false,"_hostinger_reach_plugin_is_elementor":false,"uagb_featured_image_src":{"full":false,"thumbnail":false,"medium":false,"medium_large":false,"large":false,"1536x1536":false,"2048x2048":false},"uagb_author_info":{"display_name":"silvaten@gmail.com","author_link":"https:\/\/silvaten.no\/lt\/author\/silvatengmail-com\/"},"uagb_comment_info":0,"uagb_excerpt":"Apie mane Labas, a\u0161 esu Silva. Tikiu, kad tikra stipryb\u0117 gimsta per gyvenimo patirtis, o kiekvienas \u012fvykis m\u016bs\u0173 kelyje atsiranda neatsitiktinai \u010cia dalinuosi mintimis, kurios padeda augti, suprasti ir atrasti save. Kod\u0117l \u201eSilvaten\u201c?\u0160iame pavadinime susipina dvi istorijos. \u017dodis Silva lotyn\u0173 kalba rei\u0161kia \u201emi\u0161kas\u201c, o trys paskutin\u0117s raid\u0117s simbolizuoja mano mergautin\u0117s pavard\u0117s prad\u017ei\u0105. Tod\u0117l \u201eSilva ten\u201c","_links":{"self":[{"href":"https:\/\/silvaten.no\/lt\/wp-json\/wp\/v2\/pages\/3044","targetHints":{"allow":["GET"]}}],"collection":[{"href":"https:\/\/silvaten.no\/lt\/wp-json\/wp\/v2\/pages"}],"about":[{"href":"https:\/\/silvaten.no\/lt\/wp-json\/wp\/v2\/types\/page"}],"author":[{"embeddable":true,"href":"https:\/\/silvaten.no\/lt\/wp-json\/wp\/v2\/users\/1"}],"replies":[{"embeddable":true,"href":"https:\/\/silvaten.no\/lt\/wp-json\/wp\/v2\/comments?post=3044"}],"version-history":[{"count":17,"href":"https:\/\/silvaten.no\/lt\/wp-json\/wp\/v2\/pages\/3044\/revisions"}],"predecessor-version":[{"id":3962,"href":"https:\/\/silvaten.no\/lt\/wp-json\/wp\/v2\/pages\/3044\/revisions\/3962"}],"wp:attachment":[{"href":"https:\/\/silvaten.no\/lt\/wp-json\/wp\/v2\/media?parent=3044"}],"curies":[{"name":"wp","href":"https:\/\/api.w.org\/{rel}","templated":true}]}}