{"id":3064,"date":"2025-11-28T20:47:36","date_gmt":"2025-11-28T20:47:36","guid":{"rendered":"https:\/\/silvaten.no\/silvaten-stiprybe-auga-is-tylos-o-is-tylos-gimsta-tikra-galia\/"},"modified":"2026-03-27T22:30:17","modified_gmt":"2026-03-27T22:30:17","slug":"silvaten-stiprybe-auga-is-tylos-o-is-tylos-gimsta-tikra-galia","status":"publish","type":"page","link":"https:\/\/silvaten.no\/lt\/","title":{"rendered":"Silvaten \u2013 Stipryb\u0117 gimsta i\u0161 tylos, o i\u0161 tylos kyla tikra galia."},"content":{"rendered":"\n<p><\/p>\n\n<div class=\"wp-block-media-text is-stacked-on-mobile is-vertically-aligned-center\"><figure class=\"wp-block-media-text__media\"><img decoding=\"async\" src=\"https:\/\/silvaten.no\/wp-content\/uploads\/2025\/11\/DSC_9353-682x1024.jpg\" alt=\"dsc 9353\" title=\"Silvaten \u2013 Stipryb\u0117 gimsta i\u0161 tylos, o i\u0161 tylos kyla tikra galia.\"><\/figure><div class=\"wp-block-media-text__content\">\n<h1 class=\"wp-block-heading has-text-align-left\" style=\"font-size:25px\"><em>Labas, esu Silva.<\/em><br\/><br\/><em>Stipryb\u0117 gimsta i\u0161 tylos, ir i\u0161 tylos atsiranda tikra j\u0117ga.<br\/>Mano kelion\u0117 \u2013 tarp i\u0161\u0161\u016bki\u0173 ir atradim\u0173, tarp tylos ir \u017eod\u017ei\u0173.<br\/>Mano stipryb\u0117 \u2013 b\u016bti savimi, nepaisant aplinkybi\u0173. Tai gydo. Tai stiprina. Tai kuria tikr\u0105 vidin\u0119 j\u0117g\u0105.<br\/>\u0160iandien mano istorija \u2013 tai d\u0117kingumo istorija: u\u017e tai, k\u0105 patyriau, k\u0105 i\u0161mokau, \u017emones, kuriuos sutikau, ir tai, k\u0105 atradau savyje.<br\/>Ramyb\u0117, kurios ie\u0161kojau, at\u0117jo kartu su supratimu, kad kiekvienas \u017eingsnis, net ir sud\u0117tingas, buvo b\u016btinas.<br\/>Meil\u0117 gyvenimui, \u017emon\u0117ms ir mano pa\u010dios keliui \u2013 tai, kas veda mane \u012f priek\u012f \u0161iandien.<br\/>Kvie\u010diu tave keliauti kartu su manimi: per \u017eod\u017eius, jausmus ir tylos prasm\u0119.<\/em><\/h1>\n<\/div><\/div>\n\n<p><\/p>\n\n<p><\/p>\n","protected":false},"excerpt":{"rendered":"<p>Labas, esu Silva. Stipryb\u0117 gimsta i\u0161 tylos, ir i\u0161 tylos atsiranda tikra j\u0117ga.Mano kelion\u0117 \u2013 tarp i\u0161\u0161\u016bki\u0173 ir atradim\u0173, tarp tylos ir \u017eod\u017ei\u0173.Mano stipryb\u0117 \u2013 b\u016bti savimi, nepaisant aplinkybi\u0173. Tai gydo. Tai stiprina. Tai kuria tikr\u0105 vidin\u0119 j\u0117g\u0105.\u0160iandien mano istorija \u2013 tai d\u0117kingumo istorija: u\u017e tai, k\u0105 patyriau, k\u0105 i\u0161mokau, \u017emones, kuriuos sutikau, ir tai,<\/p>\n","protected":false},"author":1,"featured_media":0,"parent":0,"menu_order":0,"comment_status":"closed","ping_status":"closed","template":"","meta":{"_uag_custom_page_level_css":"","site-sidebar-layout":"no-sidebar","site-content-layout":"plain-container","ast-site-content-layout":"full-width-container","site-content-style":"default","site-sidebar-style":"unboxed","ast-global-header-display":"","ast-banner-title-visibility":"","ast-main-header-display":"","ast-hfb-above-header-display":"","ast-hfb-below-header-display":"","ast-hfb-mobile-header-display":"","site-post-title":"disabled","ast-breadcrumbs-content":"","ast-featured-img":"disabled","footer-sml-layout":"","ast-disable-related-posts":"","theme-transparent-header-meta":"default","adv-header-id-meta":"","stick-header-meta":"","header-above-stick-meta":"","header-main-stick-meta":"","header-below-stick-meta":"","astra-migrate-meta-layouts":"set","ast-page-background-enabled":"default","ast-page-background-meta":{"desktop":{"background-color":"","background-image":"","background-repeat":"repeat","background-position":"center center","background-size":"auto","background-attachment":"scroll","background-type":"","background-media":"","overlay-type":"","overlay-color":"","overlay-opacity":"","overlay-gradient":""},"tablet":{"background-color":"","background-image":"","background-repeat":"repeat","background-position":"center center","background-size":"auto","background-attachment":"scroll","background-type":"","background-media":"","overlay-type":"","overlay-color":"","overlay-opacity":"","overlay-gradient":""},"mobile":{"background-color":"","background-image":"","background-repeat":"repeat","background-position":"center center","background-size":"auto","background-attachment":"scroll","background-type":"","background-media":"","overlay-type":"","overlay-color":"","overlay-opacity":"","overlay-gradient":""}},"ast-content-background-meta":{"desktop":{"background-color":"var(--ast-global-color-5)","background-image":"","background-repeat":"repeat","background-position":"center center","background-size":"auto","background-attachment":"scroll","background-type":"","background-media":"","overlay-type":"","overlay-color":"","overlay-opacity":"","overlay-gradient":""},"tablet":{"background-color":"var(--ast-global-color-5)","background-image":"","background-repeat":"repeat","background-position":"center center","background-size":"auto","background-attachment":"scroll","background-type":"","background-media":"","overlay-type":"","overlay-color":"","overlay-opacity":"","overlay-gradient":""},"mobile":{"background-color":"var(--ast-global-color-5)","background-image":"","background-repeat":"repeat","background-position":"center center","background-size":"auto","background-attachment":"scroll","background-type":"","background-media":"","overlay-type":"","overlay-color":"","overlay-opacity":"","overlay-gradient":""}},"_kadence_starter_templates_imported_post":false,"footnotes":""},"class_list":["post-3064","page","type-page","status-publish","hentry"],"aioseo_notices":[],"_hostinger_reach_plugin_has_subscription_block":false,"_hostinger_reach_plugin_is_elementor":false,"uagb_featured_image_src":{"full":false,"thumbnail":false,"medium":false,"medium_large":false,"large":false,"1536x1536":false,"2048x2048":false},"uagb_author_info":{"display_name":"silvaten@gmail.com","author_link":"https:\/\/silvaten.no\/lt\/author\/silvatengmail-com\/"},"uagb_comment_info":0,"uagb_excerpt":"Labas, esu Silva. Stipryb\u0117 gimsta i\u0161 tylos, ir i\u0161 tylos atsiranda tikra j\u0117ga.Mano kelion\u0117 \u2013 tarp i\u0161\u0161\u016bki\u0173 ir atradim\u0173, tarp tylos ir \u017eod\u017ei\u0173.Mano stipryb\u0117 \u2013 b\u016bti savimi, nepaisant aplinkybi\u0173. Tai gydo. Tai stiprina. Tai kuria tikr\u0105 vidin\u0119 j\u0117g\u0105.\u0160iandien mano istorija \u2013 tai d\u0117kingumo istorija: u\u017e tai, k\u0105 patyriau, k\u0105 i\u0161mokau, \u017emones, kuriuos sutikau, ir tai,","_links":{"self":[{"href":"https:\/\/silvaten.no\/lt\/wp-json\/wp\/v2\/pages\/3064","targetHints":{"allow":["GET"]}}],"collection":[{"href":"https:\/\/silvaten.no\/lt\/wp-json\/wp\/v2\/pages"}],"about":[{"href":"https:\/\/silvaten.no\/lt\/wp-json\/wp\/v2\/types\/page"}],"author":[{"embeddable":true,"href":"https:\/\/silvaten.no\/lt\/wp-json\/wp\/v2\/users\/1"}],"replies":[{"embeddable":true,"href":"https:\/\/silvaten.no\/lt\/wp-json\/wp\/v2\/comments?post=3064"}],"version-history":[{"count":23,"href":"https:\/\/silvaten.no\/lt\/wp-json\/wp\/v2\/pages\/3064\/revisions"}],"predecessor-version":[{"id":4036,"href":"https:\/\/silvaten.no\/lt\/wp-json\/wp\/v2\/pages\/3064\/revisions\/4036"}],"wp:attachment":[{"href":"https:\/\/silvaten.no\/lt\/wp-json\/wp\/v2\/media?parent=3064"}],"curies":[{"name":"wp","href":"https:\/\/api.w.org\/{rel}","templated":true}]}}